{"id":2,"date":"2025-02-18T09:07:09","date_gmt":"2025-02-18T09:07:09","guid":{"rendered":"https:\/\/tosi.korinekdavid.cz\/?page_id=2"},"modified":"2025-11-25T08:46:58","modified_gmt":"2025-11-25T08:46:58","slug":"sample-page","status":"publish","type":"page","link":"https:\/\/www.to-si.cz\/","title":{"rendered":"Sample Page"},"content":{"rendered":"\n\n\n\n<div style=\"height:100px\" aria-hidden=\"true\" class=\"wp-block-spacer\"><\/div>\n\n\n\n<h2 class=\"wp-block-heading has-text-align-center\">Na\u0161e slu\u017eby<\/h2>\n\n\n\n<div class=\"wp-block-columns is-layout-flex wp-container-core-columns-is-layout-9d6595d7 wp-block-columns-is-layout-flex\">\n<div class=\"wp-block-column is-layout-flow wp-block-column-is-layout-flow\">\n<figure class=\"wp-block-image size-large\"><img loading=\"lazy\" decoding=\"async\" width=\"1024\" height=\"768\" src=\"https:\/\/www.to-si.cz\/wp-content\/uploads\/2025\/11\/20250620_122225-1024x768.jpg\" alt=\"\" class=\"wp-image-88\" srcset=\"https:\/\/www.to-si.cz\/wp-content\/uploads\/2025\/11\/20250620_122225-1024x768.jpg 1024w, https:\/\/www.to-si.cz\/wp-content\/uploads\/2025\/11\/20250620_122225-300x225.jpg 300w, https:\/\/www.to-si.cz\/wp-content\/uploads\/2025\/11\/20250620_122225-768x576.jpg 768w, https:\/\/www.to-si.cz\/wp-content\/uploads\/2025\/11\/20250620_122225-1536x1152.jpg 1536w, https:\/\/www.to-si.cz\/wp-content\/uploads\/2025\/11\/20250620_122225-2048x1536.jpg 2048w\" sizes=\"auto, (max-width: 1024px) 100vw, 1024px\" \/><\/figure>\n\n\n\n<h4 class=\"wp-block-heading has-text-align-center\">N\u00e1vrhy a realizace zelen\u011b<\/h4>\n\n\n\n<p class=\"has-text-align-center\">Zahrady prov\u00e1d\u00edme od n\u00e1vrhu, a\u017e po samotnou realizaci, v\u010detn\u011b n\u00e1sledn\u00e9 \u00fadr\u017eby.<\/p>\n\n\n\n<div class=\"wp-block-buttons is-content-justification-center is-layout-flex wp-container-core-buttons-is-layout-16018d1d wp-block-buttons-is-layout-flex\">\n<div class=\"wp-block-button is-style-fill\"><a class=\"wp-block-button__link wp-element-button\" href=\"https:\/\/www.to-si.cz\/?page_id=38\">V\u00edce o realizac\u00edch<\/a><\/div>\n<\/div>\n<\/div>\n\n\n\n<div class=\"wp-block-column is-layout-flow wp-block-column-is-layout-flow\">\n<figure class=\"wp-block-image size-large\"><img loading=\"lazy\" decoding=\"async\" width=\"1024\" height=\"768\" src=\"https:\/\/www.to-si.cz\/wp-content\/uploads\/2025\/11\/20250728_101335-1024x768.jpg\" alt=\"\" class=\"wp-image-87\" srcset=\"https:\/\/www.to-si.cz\/wp-content\/uploads\/2025\/11\/20250728_101335-1024x768.jpg 1024w, https:\/\/www.to-si.cz\/wp-content\/uploads\/2025\/11\/20250728_101335-300x225.jpg 300w, https:\/\/www.to-si.cz\/wp-content\/uploads\/2025\/11\/20250728_101335-768x576.jpg 768w, https:\/\/www.to-si.cz\/wp-content\/uploads\/2025\/11\/20250728_101335-1536x1152.jpg 1536w, https:\/\/www.to-si.cz\/wp-content\/uploads\/2025\/11\/20250728_101335-2048x1536.jpg 2048w\" sizes=\"auto, (max-width: 1024px) 100vw, 1024px\" \/><\/figure>\n\n\n\n<h4 class=\"wp-block-heading has-text-align-center\">Dod\u00e1vky rostlin na m\u00edru<\/h4>\n\n\n\n<p class=\"has-text-align-center\">M\u00e1te n\u00e1vrh zahrady a nev\u00edte kde sehnat v\u0161echny rostliny? Jsme tu pro V\u00e1s!<\/p>\n\n\n\n<div class=\"wp-block-buttons is-content-justification-center is-layout-flex wp-container-core-buttons-is-layout-16018d1d wp-block-buttons-is-layout-flex\">\n<div class=\"wp-block-button is-style-fill\"><a class=\"wp-block-button__link wp-element-button\" href=\"https:\/\/www.to-si.cz\/?page_id=40\">V\u00edce o dod\u00e1n\u00ed rostlin<\/a><\/div>\n<\/div>\n<\/div>\n\n\n\n<div class=\"wp-block-column is-layout-flow wp-block-column-is-layout-flow\">\n<figure class=\"wp-block-image size-large\"><img loading=\"lazy\" decoding=\"async\" width=\"1024\" height=\"768\" src=\"https:\/\/www.to-si.cz\/wp-content\/uploads\/2025\/11\/20250114_121742-1024x768.jpg\" alt=\"\" class=\"wp-image-89\" srcset=\"https:\/\/www.to-si.cz\/wp-content\/uploads\/2025\/11\/20250114_121742-1024x768.jpg 1024w, https:\/\/www.to-si.cz\/wp-content\/uploads\/2025\/11\/20250114_121742-300x225.jpg 300w, https:\/\/www.to-si.cz\/wp-content\/uploads\/2025\/11\/20250114_121742-768x576.jpg 768w, https:\/\/www.to-si.cz\/wp-content\/uploads\/2025\/11\/20250114_121742-1536x1152.jpg 1536w, https:\/\/www.to-si.cz\/wp-content\/uploads\/2025\/11\/20250114_121742-2048x1536.jpg 2048w\" sizes=\"auto, (max-width: 1024px) 100vw, 1024px\" \/><\/figure>\n\n\n\n<h4 class=\"wp-block-heading has-text-align-center\">Pron\u00e1jem rostlin<\/h4>\n\n\n\n<p class=\"has-text-align-center\">Svatby, prezentace firem nebo dlouhodob\u011bj\u0161\u00ed pron\u00e1jem&#8230; Na v\u0161em je mo\u017en\u00e9 se domluvit.<\/p>\n\n\n\n<div class=\"wp-block-buttons is-content-justification-center is-layout-flex wp-container-core-buttons-is-layout-16018d1d wp-block-buttons-is-layout-flex\">\n<div class=\"wp-block-button is-style-fill\"><a class=\"wp-block-button__link wp-element-button\" href=\"https:\/\/www.to-si.cz\/?page_id=42\">V\u00edce o pron\u00e1jmu<\/a><\/div>\n<\/div>\n<\/div>\n<\/div>\n","protected":false},"excerpt":{"rendered":"<p>Na\u0161e slu\u017eby N\u00e1vrhy a realizace zelen\u011b Zahrady prov\u00e1d\u00edme od n\u00e1vrhu, a\u017e po samotnou realizaci, v\u010detn\u011b n\u00e1sledn\u00e9 \u00fadr\u017eby. Dod\u00e1vky rostlin na m\u00edru M\u00e1te n\u00e1vrh zahrady a nev\u00edte kde sehnat v\u0161echny rostliny? Jsme tu pro V\u00e1s! Pron\u00e1jem rostlin Svatby, prezentace firem nebo dlouhodob\u011bj\u0161\u00ed pron\u00e1jem&#8230; Na v\u0161em je mo\u017en\u00e9 se domluvit.<\/p>\n","protected":false},"author":1,"featured_media":73,"parent":0,"menu_order":0,"comment_status":"closed","ping_status":"open","template":"template-full-width.php","meta":{"footnotes":""},"class_list":["post-2","page","type-page","status-publish","has-post-thumbnail","hentry"],"_links":{"self":[{"href":"https:\/\/www.to-si.cz\/index.php?rest_route=\/wp\/v2\/pages\/2","targetHints":{"allow":["GET"]}}],"collection":[{"href":"https:\/\/www.to-si.cz\/index.php?rest_route=\/wp\/v2\/pages"}],"about":[{"href":"https:\/\/www.to-si.cz\/index.php?rest_route=\/wp\/v2\/types\/page"}],"author":[{"embeddable":true,"href":"https:\/\/www.to-si.cz\/index.php?rest_route=\/wp\/v2\/users\/1"}],"replies":[{"embeddable":true,"href":"https:\/\/www.to-si.cz\/index.php?rest_route=%2Fwp%2Fv2%2Fcomments&post=2"}],"version-history":[{"count":16,"href":"https:\/\/www.to-si.cz\/index.php?rest_route=\/wp\/v2\/pages\/2\/revisions"}],"predecessor-version":[{"id":92,"href":"https:\/\/www.to-si.cz\/index.php?rest_route=\/wp\/v2\/pages\/2\/revisions\/92"}],"wp:featuredmedia":[{"embeddable":true,"href":"https:\/\/www.to-si.cz\/index.php?rest_route=\/wp\/v2\/media\/73"}],"wp:attachment":[{"href":"https:\/\/www.to-si.cz\/index.php?rest_route=%2Fwp%2Fv2%2Fmedia&parent=2"}],"curies":[{"name":"wp","href":"https:\/\/api.w.org\/{rel}","templated":true}]}}